{"id":377,"date":"2025-09-07T16:32:11","date_gmt":"2025-09-07T16:32:11","guid":{"rendered":"https:\/\/creanimation.fr\/accueil-2\/?page_id=377"},"modified":"2026-04-13T10:07:08","modified_gmt":"2026-04-13T10:07:08","slug":"accueil","status":"publish","type":"page","link":"https:\/\/creanimation.fr\/accueil-2\/accueil\/","title":{"rendered":"Accueil"},"content":{"rendered":"\t\t<div data-elementor-type=\"wp-page\" data-elementor-id=\"377\" class=\"elementor elementor-377\">\n\t\t\t\t<div class=\"elementor-element elementor-element-2962400 e-flex e-con-boxed wpr-particle-no wpr-jarallax-no wpr-parallax-no wpr-sticky-section-no e-con e-parent\" data-id=\"2962400\" data-element_type=\"container\" data-e-type=\"container\">\n\t\t\t\t\t<div class=\"e-con-inner\">\n\t\t\t\t<div class=\"elementor-element elementor-element-3e5346b elementor-widget elementor-widget-spacer\" data-id=\"3e5346b\" data-element_type=\"widget\" data-e-type=\"widget\" data-widget_type=\"spacer.default\">\n\t\t\t\t\t\t\t<div class=\"elementor-spacer\">\n\t\t\t<div class=\"elementor-spacer-inner\"><\/div>\n\t\t<\/div>\n\t\t\t\t\t\t<\/div>\n\t\t\t\t<div class=\"elementor-element elementor-element-0c30e00 elementor-widget elementor-widget-video\" data-id=\"0c30e00\" data-element_type=\"widget\" data-e-type=\"widget\" data-settings=\"{&quot;video_type&quot;:&quot;hosted&quot;,&quot;autoplay&quot;:&quot;yes&quot;,&quot;play_on_mobile&quot;:&quot;yes&quot;,&quot;mute&quot;:&quot;yes&quot;,&quot;loop&quot;:&quot;yes&quot;,&quot;show_image_overlay&quot;:&quot;yes&quot;,&quot;image_overlay&quot;:{&quot;url&quot;:&quot;&quot;,&quot;id&quot;:&quot;&quot;,&quot;size&quot;:&quot;&quot;,&quot;alt&quot;:&quot;&quot;,&quot;source&quot;:&quot;library&quot;}}\" data-widget_type=\"video.default\">\n\t\t\t\t\t\t\t<div class=\"e-hosted-video elementor-wrapper elementor-open-inline\">\n\t\t\t\t\t<video class=\"elementor-video\" src=\"https:\/\/creanimation.fr\/wp-content\/uploads\/2026\/04\/CREANIMATION.mov\" autoplay=\"\" loop=\"\" muted=\"muted\" playsinline=\"\" controlsList=\"nodownload\"><\/video>\n\t\t\t\t<\/div>\n\t\t\t\t\t\t<\/div>\n\t\t\t\t\t<\/div>\n\t\t\t\t<\/div>\n\t\t<div class=\"elementor-element elementor-element-331dac6 e-flex e-con-boxed wpr-particle-no wpr-jarallax-no wpr-parallax-no wpr-sticky-section-no e-con e-parent\" data-id=\"331dac6\" data-element_type=\"container\" data-e-type=\"container\">\n\t\t\t\t\t<div class=\"e-con-inner\">\n\t\t\t\t<div class=\"elementor-element elementor-element-fc97784 elementor-widget elementor-widget-spacer\" data-id=\"fc97784\" data-element_type=\"widget\" data-e-type=\"widget\" data-widget_type=\"spacer.default\">\n\t\t\t\t\t\t\t<div class=\"elementor-spacer\">\n\t\t\t<div class=\"elementor-spacer-inner\"><\/div>\n\t\t<\/div>\n\t\t\t\t\t\t<\/div>\n\t\t\t\t\t<\/div>\n\t\t\t\t<\/div>\n\t\t<div class=\"elementor-element elementor-element-a15d2fc e-flex e-con-boxed wpr-particle-no wpr-jarallax-no wpr-parallax-no wpr-sticky-section-no e-con e-parent\" data-id=\"a15d2fc\" data-element_type=\"container\" data-e-type=\"container\">\n\t\t\t\t\t<div class=\"e-con-inner\">\n\t\t\t\t<div class=\"elementor-element elementor-element-44b477a elementor-widget__width-initial elementor-widget elementor-widget-heading\" data-id=\"44b477a\" data-element_type=\"widget\" data-e-type=\"widget\" data-widget_type=\"heading.default\">\n\t\t\t\t\t<h2 class=\"elementor-heading-title elementor-size-default\">BIENVENUE<\/h2>\t\t\t\t<\/div>\n\t\t\t\t<div class=\"elementor-element elementor-element-44e6e63 elementor-widget elementor-widget-spacer\" data-id=\"44e6e63\" data-element_type=\"widget\" data-e-type=\"widget\" data-widget_type=\"spacer.default\">\n\t\t\t\t\t\t\t<div class=\"elementor-spacer\">\n\t\t\t<div class=\"elementor-spacer-inner\"><\/div>\n\t\t<\/div>\n\t\t\t\t\t\t<\/div>\n\t\t\t\t\t<\/div>\n\t\t\t\t<\/div>\n\t\t<div class=\"elementor-element elementor-element-fe67770 e-flex e-con-boxed wpr-particle-no wpr-jarallax-no wpr-parallax-no wpr-sticky-section-no e-con e-parent\" data-id=\"fe67770\" data-element_type=\"container\" data-e-type=\"container\">\n\t\t\t\t\t<div class=\"e-con-inner\">\n\t\t<div class=\"elementor-element elementor-element-65ed69b e-con-full e-flex wpr-particle-no wpr-jarallax-no wpr-parallax-no wpr-sticky-section-no e-con e-child\" data-id=\"65ed69b\" data-element_type=\"container\" data-e-type=\"container\">\n\t\t\t\t<div class=\"elementor-element elementor-element-5c198ab elementor-widget elementor-widget-video\" data-id=\"5c198ab\" data-element_type=\"widget\" data-e-type=\"widget\" data-settings=\"{&quot;youtube_url&quot;:&quot;https:\\\/\\\/youtu.be\\\/xWle88M2r3I&quot;,&quot;video_type&quot;:&quot;youtube&quot;,&quot;controls&quot;:&quot;yes&quot;}\" data-widget_type=\"video.default\">\n\t\t\t\t\t\t\t<div class=\"elementor-wrapper elementor-open-inline\">\n\t\t\t<div class=\"elementor-video\"><\/div>\t\t<\/div>\n\t\t\t\t\t\t<\/div>\n\t\t\t\t<\/div>\n\t\t<div class=\"elementor-element elementor-element-89f1dc0 e-con-full e-flex wpr-particle-no wpr-jarallax-no wpr-parallax-no wpr-sticky-section-no e-con e-child\" data-id=\"89f1dc0\" data-element_type=\"container\" data-e-type=\"container\">\n\t\t\t\t<div class=\"elementor-element elementor-element-1751bfea elementor-widget elementor-widget-text-editor\" data-id=\"1751bfea\" data-element_type=\"widget\" data-e-type=\"widget\" data-widget_type=\"text-editor.default\">\n\t\t\t\t\t\t\t\t\t<p data-path-to-node=\"2,0\">Je m\u2019appelle Vivien Ndala, fondateur de <span style=\"color: #800080;\"><b data-path-to-node=\"2,0\" data-index-in-node=\"40\">CREANIMATION<\/b><\/span> et professionnel passionn\u00e9 par l\u2019animation.<\/p><p data-path-to-node=\"2,1\">Mon expertise s&rsquo;appuie sur des ann\u00e9es d&rsquo;exp\u00e9rience de terrain en tant qu&rsquo;animateur, directeur de centre de loisirs et animateur socioculturel. Ce parcours riche m&rsquo;a permis de d\u00e9velopper un v\u00e9ritable savoir-faire dans la conception de jeux et d&rsquo;outils \u00e9ducatifs originaux.<\/p><p data-path-to-node=\"2,2\">Ma mission est claire : permettre \u00e0 tous les publics (<em>enfants, adolescents, adultes, \u00e9quipes<\/em>) d&rsquo;\u00e9voluer, d&rsquo;apprendre et de renforcer leur coh\u00e9sion, le tout dans une ambiance ludique et stimulante.<\/p><p data-path-to-node=\"2,3\">Je vous invite \u00e0 regarder cette vid\u00e9o de pr\u00e9sentation : elle r\u00e9sume parfaitement le contenu de ce site.<\/p><p data-path-to-node=\"2,4\"><span style=\"color: #ff0000;\"><b data-path-to-node=\"2,4\" data-index-in-node=\"0\">LES R\u00c9SERVATIONS SONT OUVERTES POUR UN D\u00c9BUT D&rsquo;ACTIVIT\u00c9 \u00c0 PARTIR DES VACANCES SCOLAIRES D&rsquo;\u00c9T\u00c9.<\/b><\/span><\/p><p data-path-to-node=\"2,5\">Pour c\u00e9l\u00e9brer le lancement de <span style=\"color: #800080;\"><b data-path-to-node=\"2,5\" data-index-in-node=\"30\">CREANIMATION<\/b><\/span>, je vous propose une r\u00e9duction de <span style=\"color: #ff0000;\"><b data-path-to-node=\"2,5\" data-index-in-node=\"77\">20 % sur toutes les animations r\u00e9serv\u00e9es<\/b> <\/span>pour la p\u00e9riode estivale !<\/p><p data-path-to-node=\"2,6\">Cordialement,<\/p><p data-path-to-node=\"2,7\"><b data-path-to-node=\"2,7\" data-index-in-node=\"0\">Vivien Ndala<\/b><\/p>\t\t\t\t\t\t\t\t<\/div>\n\t\t\t\t<\/div>\n\t\t\t\t\t<\/div>\n\t\t\t\t<\/div>\n\t\t\t\t<\/div>\n\t\t","protected":false},"excerpt":{"rendered":"<p>https:\/\/creanimation.fr\/wp-content\/uploads\/2026\/04\/CREANIMATION.mov BIENVENUE https:\/\/youtu.be\/xWle88M2r3I Je m\u2019appelle Vivien Ndala, fondateur de CREANIMATION et professionnel passionn\u00e9 par l\u2019animation. Mon expertise s&rsquo;appuie sur des ann\u00e9es d&rsquo;exp\u00e9rience de terrain en tant qu&rsquo;animateur, directeur de centre de loisirs et animateur socioculturel. Ce parcours riche m&rsquo;a permis de d\u00e9velopper un v\u00e9ritable savoir-faire dans la conception de jeux et d&rsquo;outils \u00e9ducatifs originaux. Ma mission est claire : permettre \u00e0 tous les publics (enfants, adolescents, adultes, \u00e9quipes) d&rsquo;\u00e9voluer, d&rsquo;apprendre et de renforcer leur coh\u00e9sion, le tout dans une ambiance ludique et stimulante. Je vous invite \u00e0 regarder cette vid\u00e9o de pr\u00e9sentation : elle r\u00e9sume parfaitement le contenu de ce site. LES R\u00c9SERVATIONS SONT OUVERTES POUR UN D\u00c9BUT D&rsquo;ACTIVIT\u00c9 \u00c0 PARTIR DES VACANCES SCOLAIRES D&rsquo;\u00c9T\u00c9. Pour c\u00e9l\u00e9brer le lancement de CREANIMATION, je vous propose une r\u00e9duction de 20 % sur toutes les animations r\u00e9serv\u00e9es pour la p\u00e9riode estivale ! Cordialement, Vivien Ndala<\/p>\n","protected":false},"author":1,"featured_media":366,"parent":0,"menu_order":0,"comment_status":"closed","ping_status":"closed","template":"elementor_header_footer","meta":{"_themeisle_gutenberg_block_has_review":false,"footnotes":""},"class_list":["post-377","page","type-page","status-publish","has-post-thumbnail","hentry"],"yoast_head":"<!-- This site is optimized with the Yoast SEO plugin v27.3 - https:\/\/yoast.com\/product\/yoast-seo-wordpress\/ -->\n<title>Accueil - Creanimation<\/title>\n<meta name=\"robots\" content=\"index, follow, max-snippet:-1, max-image-preview:large, max-video-preview:-1\" \/>\n<link rel=\"canonical\" href=\"https:\/\/creanimation.fr\/accueil-2\/accueil\/\" \/>\n<meta property=\"og:locale\" content=\"fr_FR\" \/>\n<meta property=\"og:type\" content=\"article\" \/>\n<meta property=\"og:title\" content=\"Accueil - Creanimation\" \/>\n<meta property=\"og:description\" content=\"https:\/\/creanimation.fr\/wp-content\/uploads\/2026\/04\/CREANIMATION.mov BIENVENUE https:\/\/youtu.be\/xWle88M2r3I Je m\u2019appelle Vivien Ndala, fondateur de CREANIMATION et professionnel passionn\u00e9 par l\u2019animation. Mon expertise s&rsquo;appuie sur des ann\u00e9es d&rsquo;exp\u00e9rience de terrain en tant qu&rsquo;animateur, directeur de centre de loisirs et animateur socioculturel. Ce parcours riche m&rsquo;a permis de d\u00e9velopper un v\u00e9ritable savoir-faire dans la conception de jeux et d&rsquo;outils \u00e9ducatifs originaux. Ma mission est claire : permettre \u00e0 tous les publics (enfants, adolescents, adultes, \u00e9quipes) d&rsquo;\u00e9voluer, d&rsquo;apprendre et de renforcer leur coh\u00e9sion, le tout dans une ambiance ludique et stimulante. Je vous invite \u00e0 regarder cette vid\u00e9o de pr\u00e9sentation : elle r\u00e9sume parfaitement le contenu de ce site. LES R\u00c9SERVATIONS SONT OUVERTES POUR UN D\u00c9BUT D&rsquo;ACTIVIT\u00c9 \u00c0 PARTIR DES VACANCES SCOLAIRES D&rsquo;\u00c9T\u00c9. Pour c\u00e9l\u00e9brer le lancement de CREANIMATION, je vous propose une r\u00e9duction de 20 % sur toutes les animations r\u00e9serv\u00e9es pour la p\u00e9riode estivale ! Cordialement, Vivien Ndala\" \/>\n<meta property=\"og:url\" content=\"https:\/\/creanimation.fr\/accueil-2\/accueil\/\" \/>\n<meta property=\"og:site_name\" content=\"Creanimation\" \/>\n<meta property=\"article:modified_time\" content=\"2026-04-13T10:07:08+00:00\" \/>\n<meta property=\"og:image\" content=\"https:\/\/creanimation.fr\/wp-content\/uploads\/2025\/09\/Creanimation-logo-transparant-1-2.png\" \/>\n\t<meta property=\"og:image:width\" content=\"1563\" \/>\n\t<meta property=\"og:image:height\" content=\"1563\" \/>\n\t<meta property=\"og:image:type\" content=\"image\/png\" \/>\n<meta name=\"twitter:card\" content=\"summary_large_image\" \/>\n<meta name=\"twitter:label1\" content=\"Dur\u00e9e de lecture estim\u00e9e\" \/>\n\t<meta name=\"twitter:data1\" content=\"1 minute\" \/>\n<script type=\"application\/ld+json\" class=\"yoast-schema-graph\">{\"@context\":\"https:\\\/\\\/schema.org\",\"@graph\":[{\"@type\":\"WebPage\",\"@id\":\"https:\\\/\\\/creanimation.fr\\\/accueil-2\\\/accueil\\\/\",\"url\":\"https:\\\/\\\/creanimation.fr\\\/accueil-2\\\/accueil\\\/\",\"name\":\"Accueil - Creanimation\",\"isPartOf\":{\"@id\":\"https:\\\/\\\/creanimation.fr\\\/accueil-2\\\/accueil\\\/#website\"},\"primaryImageOfPage\":{\"@id\":\"https:\\\/\\\/creanimation.fr\\\/accueil-2\\\/accueil\\\/#primaryimage\"},\"image\":{\"@id\":\"https:\\\/\\\/creanimation.fr\\\/accueil-2\\\/accueil\\\/#primaryimage\"},\"thumbnailUrl\":\"https:\\\/\\\/creanimation.fr\\\/wp-content\\\/uploads\\\/2025\\\/09\\\/Creanimation-logo-transparant-1-2.png\",\"datePublished\":\"2025-09-07T16:32:11+00:00\",\"dateModified\":\"2026-04-13T10:07:08+00:00\",\"breadcrumb\":{\"@id\":\"https:\\\/\\\/creanimation.fr\\\/accueil-2\\\/accueil\\\/#breadcrumb\"},\"inLanguage\":\"fr-FR\",\"potentialAction\":[{\"@type\":\"ReadAction\",\"target\":[\"https:\\\/\\\/creanimation.fr\\\/accueil-2\\\/accueil\\\/\"]}]},{\"@type\":\"ImageObject\",\"inLanguage\":\"fr-FR\",\"@id\":\"https:\\\/\\\/creanimation.fr\\\/accueil-2\\\/accueil\\\/#primaryimage\",\"url\":\"https:\\\/\\\/creanimation.fr\\\/wp-content\\\/uploads\\\/2025\\\/09\\\/Creanimation-logo-transparant-1-2.png\",\"contentUrl\":\"https:\\\/\\\/creanimation.fr\\\/wp-content\\\/uploads\\\/2025\\\/09\\\/Creanimation-logo-transparant-1-2.png\",\"width\":1563,\"height\":1563},{\"@type\":\"BreadcrumbList\",\"@id\":\"https:\\\/\\\/creanimation.fr\\\/accueil-2\\\/accueil\\\/#breadcrumb\",\"itemListElement\":[{\"@type\":\"ListItem\",\"position\":1,\"name\":\"Accueil\",\"item\":\"https:\\\/\\\/creanimation.fr\\\/accueil-2\\\/accueil\\\/\"},{\"@type\":\"ListItem\",\"position\":2,\"name\":\"Accueil\"}]},{\"@type\":\"WebSite\",\"@id\":\"https:\\\/\\\/creanimation.fr\\\/accueil-2\\\/accueil\\\/#website\",\"url\":\"https:\\\/\\\/creanimation.fr\\\/accueil-2\\\/accueil\\\/\",\"name\":\"Creanimation\",\"description\":\"Ateliers jeunesse, escape games et animations pour tout public.\",\"publisher\":{\"@id\":\"https:\\\/\\\/creanimation.fr\\\/accueil-2\\\/accueil\\\/#organization\"},\"potentialAction\":[{\"@type\":\"SearchAction\",\"target\":{\"@type\":\"EntryPoint\",\"urlTemplate\":\"https:\\\/\\\/creanimation.fr\\\/accueil-2\\\/accueil\\\/?s={search_term_string}\"},\"query-input\":{\"@type\":\"PropertyValueSpecification\",\"valueRequired\":true,\"valueName\":\"search_term_string\"}}],\"inLanguage\":\"fr-FR\"},{\"@type\":\"Organization\",\"@id\":\"https:\\\/\\\/creanimation.fr\\\/accueil-2\\\/accueil\\\/#organization\",\"name\":\"Creanimation\",\"url\":\"https:\\\/\\\/creanimation.fr\\\/accueil-2\\\/accueil\\\/\",\"logo\":{\"@type\":\"ImageObject\",\"inLanguage\":\"fr-FR\",\"@id\":\"https:\\\/\\\/creanimation.fr\\\/accueil-2\\\/accueil\\\/#\\\/schema\\\/logo\\\/image\\\/\",\"url\":\"\",\"contentUrl\":\"\",\"caption\":\"Creanimation\"},\"image\":{\"@id\":\"https:\\\/\\\/creanimation.fr\\\/accueil-2\\\/accueil\\\/#\\\/schema\\\/logo\\\/image\\\/\"}}]}<\/script>\n<!-- \/ Yoast SEO plugin. -->","yoast_head_json":{"title":"Accueil - Creanimation","robots":{"index":"index","follow":"follow","max-snippet":"max-snippet:-1","max-image-preview":"max-image-preview:large","max-video-preview":"max-video-preview:-1"},"canonical":"https:\/\/creanimation.fr\/accueil-2\/accueil\/","og_locale":"fr_FR","og_type":"article","og_title":"Accueil - Creanimation","og_description":"https:\/\/creanimation.fr\/wp-content\/uploads\/2026\/04\/CREANIMATION.mov BIENVENUE https:\/\/youtu.be\/xWle88M2r3I Je m\u2019appelle Vivien Ndala, fondateur de CREANIMATION et professionnel passionn\u00e9 par l\u2019animation. Mon expertise s&rsquo;appuie sur des ann\u00e9es d&rsquo;exp\u00e9rience de terrain en tant qu&rsquo;animateur, directeur de centre de loisirs et animateur socioculturel. Ce parcours riche m&rsquo;a permis de d\u00e9velopper un v\u00e9ritable savoir-faire dans la conception de jeux et d&rsquo;outils \u00e9ducatifs originaux. Ma mission est claire : permettre \u00e0 tous les publics (enfants, adolescents, adultes, \u00e9quipes) d&rsquo;\u00e9voluer, d&rsquo;apprendre et de renforcer leur coh\u00e9sion, le tout dans une ambiance ludique et stimulante. Je vous invite \u00e0 regarder cette vid\u00e9o de pr\u00e9sentation : elle r\u00e9sume parfaitement le contenu de ce site. LES R\u00c9SERVATIONS SONT OUVERTES POUR UN D\u00c9BUT D&rsquo;ACTIVIT\u00c9 \u00c0 PARTIR DES VACANCES SCOLAIRES D&rsquo;\u00c9T\u00c9. Pour c\u00e9l\u00e9brer le lancement de CREANIMATION, je vous propose une r\u00e9duction de 20 % sur toutes les animations r\u00e9serv\u00e9es pour la p\u00e9riode estivale ! Cordialement, Vivien Ndala","og_url":"https:\/\/creanimation.fr\/accueil-2\/accueil\/","og_site_name":"Creanimation","article_modified_time":"2026-04-13T10:07:08+00:00","og_image":[{"width":1563,"height":1563,"url":"https:\/\/creanimation.fr\/wp-content\/uploads\/2025\/09\/Creanimation-logo-transparant-1-2.png","type":"image\/png"}],"twitter_card":"summary_large_image","twitter_misc":{"Dur\u00e9e de lecture estim\u00e9e":"1 minute"},"schema":{"@context":"https:\/\/schema.org","@graph":[{"@type":"WebPage","@id":"https:\/\/creanimation.fr\/accueil-2\/accueil\/","url":"https:\/\/creanimation.fr\/accueil-2\/accueil\/","name":"Accueil - Creanimation","isPartOf":{"@id":"https:\/\/creanimation.fr\/accueil-2\/accueil\/#website"},"primaryImageOfPage":{"@id":"https:\/\/creanimation.fr\/accueil-2\/accueil\/#primaryimage"},"image":{"@id":"https:\/\/creanimation.fr\/accueil-2\/accueil\/#primaryimage"},"thumbnailUrl":"https:\/\/creanimation.fr\/wp-content\/uploads\/2025\/09\/Creanimation-logo-transparant-1-2.png","datePublished":"2025-09-07T16:32:11+00:00","dateModified":"2026-04-13T10:07:08+00:00","breadcrumb":{"@id":"https:\/\/creanimation.fr\/accueil-2\/accueil\/#breadcrumb"},"inLanguage":"fr-FR","potentialAction":[{"@type":"ReadAction","target":["https:\/\/creanimation.fr\/accueil-2\/accueil\/"]}]},{"@type":"ImageObject","inLanguage":"fr-FR","@id":"https:\/\/creanimation.fr\/accueil-2\/accueil\/#primaryimage","url":"https:\/\/creanimation.fr\/wp-content\/uploads\/2025\/09\/Creanimation-logo-transparant-1-2.png","contentUrl":"https:\/\/creanimation.fr\/wp-content\/uploads\/2025\/09\/Creanimation-logo-transparant-1-2.png","width":1563,"height":1563},{"@type":"BreadcrumbList","@id":"https:\/\/creanimation.fr\/accueil-2\/accueil\/#breadcrumb","itemListElement":[{"@type":"ListItem","position":1,"name":"Accueil","item":"https:\/\/creanimation.fr\/accueil-2\/accueil\/"},{"@type":"ListItem","position":2,"name":"Accueil"}]},{"@type":"WebSite","@id":"https:\/\/creanimation.fr\/accueil-2\/accueil\/#website","url":"https:\/\/creanimation.fr\/accueil-2\/accueil\/","name":"Creanimation","description":"Ateliers jeunesse, escape games et animations pour tout public.","publisher":{"@id":"https:\/\/creanimation.fr\/accueil-2\/accueil\/#organization"},"potentialAction":[{"@type":"SearchAction","target":{"@type":"EntryPoint","urlTemplate":"https:\/\/creanimation.fr\/accueil-2\/accueil\/?s={search_term_string}"},"query-input":{"@type":"PropertyValueSpecification","valueRequired":true,"valueName":"search_term_string"}}],"inLanguage":"fr-FR"},{"@type":"Organization","@id":"https:\/\/creanimation.fr\/accueil-2\/accueil\/#organization","name":"Creanimation","url":"https:\/\/creanimation.fr\/accueil-2\/accueil\/","logo":{"@type":"ImageObject","inLanguage":"fr-FR","@id":"https:\/\/creanimation.fr\/accueil-2\/accueil\/#\/schema\/logo\/image\/","url":"","contentUrl":"","caption":"Creanimation"},"image":{"@id":"https:\/\/creanimation.fr\/accueil-2\/accueil\/#\/schema\/logo\/image\/"}}]}},"_links":{"self":[{"href":"https:\/\/creanimation.fr\/accueil-2\/accueil\/wp-json\/wp\/v2\/pages\/377","targetHints":{"allow":["GET"]}}],"collection":[{"href":"https:\/\/creanimation.fr\/accueil-2\/accueil\/wp-json\/wp\/v2\/pages"}],"about":[{"href":"https:\/\/creanimation.fr\/accueil-2\/accueil\/wp-json\/wp\/v2\/types\/page"}],"author":[{"embeddable":true,"href":"https:\/\/creanimation.fr\/accueil-2\/accueil\/wp-json\/wp\/v2\/users\/1"}],"replies":[{"embeddable":true,"href":"https:\/\/creanimation.fr\/accueil-2\/accueil\/wp-json\/wp\/v2\/comments?post=377"}],"version-history":[{"count":175,"href":"https:\/\/creanimation.fr\/accueil-2\/accueil\/wp-json\/wp\/v2\/pages\/377\/revisions"}],"predecessor-version":[{"id":2972,"href":"https:\/\/creanimation.fr\/accueil-2\/accueil\/wp-json\/wp\/v2\/pages\/377\/revisions\/2972"}],"wp:featuredmedia":[{"embeddable":true,"href":"https:\/\/creanimation.fr\/accueil-2\/accueil\/wp-json\/wp\/v2\/media\/366"}],"wp:attachment":[{"href":"https:\/\/creanimation.fr\/accueil-2\/accueil\/wp-json\/wp\/v2\/media?parent=377"}],"curies":[{"name":"wp","href":"https:\/\/api.w.org\/{rel}","templated":true}]}}