{"id":3301,"date":"2026-04-19T21:24:27","date_gmt":"2026-04-19T21:24:27","guid":{"rendered":"https:\/\/creanimation.fr\/accueil-2\/accueil\/?page_id=3301"},"modified":"2026-04-19T21:47:36","modified_gmt":"2026-04-19T21:47:36","slug":"politique-de-confidentialite","status":"publish","type":"page","link":"https:\/\/creanimation.fr\/accueil-2\/accueil\/politique-de-confidentialite\/","title":{"rendered":"politique de confidentialit\u00e9"},"content":{"rendered":"\t\t<div data-elementor-type=\"wp-page\" data-elementor-id=\"3301\" class=\"elementor elementor-3301\">\n\t\t\t\t<div class=\"elementor-element elementor-element-02ae922 e-flex e-con-boxed wpr-particle-no wpr-jarallax-no wpr-parallax-no wpr-sticky-section-no wpr-equal-height-no e-con e-parent\" data-id=\"02ae922\" data-element_type=\"container\" data-e-type=\"container\">\n\t\t\t\t\t<div class=\"e-con-inner\">\n\t\t\t\t<div class=\"elementor-element elementor-element-ee5d162 elementor-widget elementor-widget-spacer\" data-id=\"ee5d162\" data-element_type=\"widget\" data-e-type=\"widget\" data-widget_type=\"spacer.default\">\n\t\t\t\t\t\t\t<div class=\"elementor-spacer\">\n\t\t\t<div class=\"elementor-spacer-inner\"><\/div>\n\t\t<\/div>\n\t\t\t\t\t\t<\/div>\n\t\t\t\t<div class=\"elementor-element elementor-element-4c9e820 elementor-widget elementor-widget-heading\" data-id=\"4c9e820\" data-element_type=\"widget\" data-e-type=\"widget\" data-widget_type=\"heading.default\">\n\t\t\t\t\t<h2 class=\"elementor-heading-title elementor-size-default\">Politique de confidentialit\u00e9<\/h2>\t\t\t\t<\/div>\n\t\t\t\t<div class=\"elementor-element elementor-element-b48a1a2 elementor-widget elementor-widget-text-editor\" data-id=\"b48a1a2\" data-element_type=\"widget\" data-e-type=\"widget\" data-widget_type=\"text-editor.default\">\n\t\t\t\t\t\t\t\t\t<p data-path-to-node=\"4\"><span style=\"color: #003366;\">Chez Creanimation, nous respectons votre vie priv\u00e9e. Cette page vous explique simplement comment nous traitons vos donn\u00e9es.<\/span><\/p><h3 data-path-to-node=\"5\"><span style=\"color: #003366;\"><strong>1. Donn\u00e9es collect\u00e9es<\/strong><\/span><\/h3><p data-path-to-node=\"6\"><span style=\"color: #003366;\">Nous collectons uniquement les informations que vous nous transmettez volontairement :<\/span><\/p><ul><li><span style=\"color: #003366;\"><b data-path-to-node=\"7,0,0\" data-index-in-node=\"0\">Newsletter :<\/b> Votre adresse e-mail (pour vous envoyer nos actus et promos).<\/span><\/li><li><span style=\"color: #003366;\"><b data-path-to-node=\"7,1,0\" data-index-in-node=\"0\">Formulaire de contact :<\/b> Nom, pr\u00e9nom et e-mail (pour vous r\u00e9pondre).<\/span><\/li><\/ul><p>\u00a0<\/p><h3 data-path-to-node=\"8\"><span style=\"color: #003366;\">2. Utilisation de vos donn\u00e9es<\/span><\/h3><p data-path-to-node=\"9\"><span style=\"color: #003366;\">Vos donn\u00e9es servent exclusivement \u00e0 :<\/span><\/p><ul><li data-path-to-node=\"10,0,0\"><span style=\"color: #003366;\">Vous envoyer les contenus que vous avez demand\u00e9s.<\/span><\/li><li data-path-to-node=\"10,1,0\"><span style=\"color: #003366;\">Am\u00e9liorer votre exp\u00e9rience sur notre site.<\/span><\/li><\/ul><p>\u00a0<\/p><p data-path-to-node=\"10,1,0\"><span style=\"color: #003366;\"><strong><span style=\"color: #ff0000;\">Promesse<\/span> :<\/strong> Nous ne vendons, ne louons et n&rsquo;\u00e9changeons jamais vos donn\u00e9es \u00e0 des tiers.<\/span><\/p><h3 data-path-to-node=\"11\"><span style=\"color: #003366;\">3. Cookies<\/span><\/h3><p data-path-to-node=\"12\"><span style=\"color: #003366;\">Le site utilise des cookies essentiels pour son bon fonctionnement et des outils d&rsquo;analyse (comme Google Analytics) pour comprendre quelles pages vous plaisent le plus. Vous pouvez les d\u00e9sactiver dans les r\u00e9glages de votre navigateur.<\/span><\/p><p data-path-to-node=\"12\">\u00a0<\/p><h3 data-path-to-node=\"13\"><span style=\"color: #003366;\">4. Vos droits<\/span><\/h3><p data-path-to-node=\"14\"><span style=\"color: #003366;\">Conform\u00e9ment au RGPD, vous disposez d&rsquo;un droit d&rsquo;acc\u00e8s, de modification et de suppression de vos donn\u00e9es.<\/span><\/p><ul><li><span style=\"color: #003366;\"><b data-path-to-node=\"15,0,0\" data-index-in-node=\"0\">D\u00e9sinscription :<\/b> Un lien de d\u00e9sabonnement est pr\u00e9sent en bas de chaque newsletter.<\/span><\/li><li><span style=\"color: #003366;\"><b data-path-to-node=\"15,1,0\" data-index-in-node=\"0\">Demande directe :<\/b> Contactez-nous via le formulaire de contact pour toute question.<\/span><span style=\"color: #003366;\"><br \/><\/span><\/li><\/ul><p>\u00a0<\/p><h3 data-path-to-node=\"16\"><span style=\"color: #003366;\">5. Conservation<\/span><\/h3><p data-path-to-node=\"17\"><span style=\"color: #003366;\">Nous conservons vos donn\u00e9es tant que vous restez abonn\u00e9 ou le temps n\u00e9cessaire pour traiter votre demande de contact.<\/span><\/p>\t\t\t\t\t\t\t\t<\/div>\n\t\t\t\t<div class=\"elementor-element elementor-element-b644c7a elementor-widget elementor-widget-spacer\" data-id=\"b644c7a\" data-element_type=\"widget\" data-e-type=\"widget\" data-widget_type=\"spacer.default\">\n\t\t\t\t\t\t\t<div class=\"elementor-spacer\">\n\t\t\t<div class=\"elementor-spacer-inner\"><\/div>\n\t\t<\/div>\n\t\t\t\t\t\t<\/div>\n\t\t\t\t\t<\/div>\n\t\t\t\t<\/div>\n\t\t\t\t<\/div>\n\t\t","protected":false},"excerpt":{"rendered":"<p>Politique de confidentialit\u00e9 Chez Creanimation, nous respectons votre vie priv\u00e9e. Cette page vous explique simplement comment nous traitons vos donn\u00e9es. 1. Donn\u00e9es collect\u00e9es Nous collectons uniquement les informations que vous nous transmettez volontairement : Newsletter : Votre adresse e-mail (pour vous envoyer nos actus et promos). Formulaire de contact : Nom, pr\u00e9nom et e-mail (pour vous r\u00e9pondre). \u00a0 2. Utilisation de vos donn\u00e9es Vos donn\u00e9es servent exclusivement \u00e0 : Vous envoyer les contenus que vous avez demand\u00e9s. Am\u00e9liorer votre exp\u00e9rience sur notre site. \u00a0 Promesse : Nous ne vendons, ne louons et n&rsquo;\u00e9changeons jamais vos donn\u00e9es \u00e0 des tiers. 3. Cookies Le site utilise des cookies essentiels pour son bon fonctionnement et des outils d&rsquo;analyse (comme Google Analytics) pour comprendre quelles pages vous plaisent le plus. Vous pouvez les d\u00e9sactiver dans les r\u00e9glages de votre navigateur. \u00a0 4. Vos droits Conform\u00e9ment au RGPD, vous disposez d&rsquo;un droit d&rsquo;acc\u00e8s, de modification et de suppression de vos donn\u00e9es. D\u00e9sinscription : Un lien de d\u00e9sabonnement est pr\u00e9sent en bas de chaque newsletter. Demande directe : Contactez-nous via le formulaire de contact pour toute question. \u00a0 5. Conservation Nous conservons vos donn\u00e9es tant que vous restez abonn\u00e9 ou le temps n\u00e9cessaire pour traiter votre demande de contact.<\/p>\n","protected":false},"author":1,"featured_media":0,"parent":0,"menu_order":0,"comment_status":"closed","ping_status":"closed","template":"elementor_header_footer","meta":{"_themeisle_gutenberg_block_has_review":false,"footnotes":""},"class_list":["post-3301","page","type-page","status-publish","hentry"],"yoast_head":"<!-- This site is optimized with the Yoast SEO plugin v27.4 - https:\/\/yoast.com\/product\/yoast-seo-wordpress\/ -->\n<title>politique de confidentialit\u00e9 - Creanimation<\/title>\n<meta name=\"robots\" content=\"index, follow, max-snippet:-1, max-image-preview:large, max-video-preview:-1\" \/>\n<link rel=\"canonical\" href=\"https:\/\/creanimation.fr\/accueil-2\/accueil\/politique-de-confidentialite\/\" \/>\n<meta property=\"og:locale\" content=\"fr_FR\" \/>\n<meta property=\"og:type\" content=\"article\" \/>\n<meta property=\"og:title\" content=\"politique de confidentialit\u00e9 - Creanimation\" \/>\n<meta property=\"og:description\" content=\"Politique de confidentialit\u00e9 Chez Creanimation, nous respectons votre vie priv\u00e9e. Cette page vous explique simplement comment nous traitons vos donn\u00e9es. 1. Donn\u00e9es collect\u00e9es Nous collectons uniquement les informations que vous nous transmettez volontairement : Newsletter : Votre adresse e-mail (pour vous envoyer nos actus et promos). Formulaire de contact : Nom, pr\u00e9nom et e-mail (pour vous r\u00e9pondre). \u00a0 2. Utilisation de vos donn\u00e9es Vos donn\u00e9es servent exclusivement \u00e0 : Vous envoyer les contenus que vous avez demand\u00e9s. Am\u00e9liorer votre exp\u00e9rience sur notre site. \u00a0 Promesse : Nous ne vendons, ne louons et n&rsquo;\u00e9changeons jamais vos donn\u00e9es \u00e0 des tiers. 3. Cookies Le site utilise des cookies essentiels pour son bon fonctionnement et des outils d&rsquo;analyse (comme Google Analytics) pour comprendre quelles pages vous plaisent le plus. Vous pouvez les d\u00e9sactiver dans les r\u00e9glages de votre navigateur. \u00a0 4. Vos droits Conform\u00e9ment au RGPD, vous disposez d&rsquo;un droit d&rsquo;acc\u00e8s, de modification et de suppression de vos donn\u00e9es. D\u00e9sinscription : Un lien de d\u00e9sabonnement est pr\u00e9sent en bas de chaque newsletter. Demande directe : Contactez-nous via le formulaire de contact pour toute question. \u00a0 5. Conservation Nous conservons vos donn\u00e9es tant que vous restez abonn\u00e9 ou le temps n\u00e9cessaire pour traiter votre demande de contact.\" \/>\n<meta property=\"og:url\" content=\"https:\/\/creanimation.fr\/accueil-2\/accueil\/politique-de-confidentialite\/\" \/>\n<meta property=\"og:site_name\" content=\"Creanimation\" \/>\n<meta property=\"article:modified_time\" content=\"2026-04-19T21:47:36+00:00\" \/>\n<meta name=\"twitter:card\" content=\"summary_large_image\" \/>\n<meta name=\"twitter:label1\" content=\"Dur\u00e9e de lecture estim\u00e9e\" \/>\n\t<meta name=\"twitter:data1\" content=\"1 minute\" \/>\n<script type=\"application\/ld+json\" class=\"yoast-schema-graph\">{\"@context\":\"https:\\\/\\\/schema.org\",\"@graph\":[{\"@type\":\"WebPage\",\"@id\":\"https:\\\/\\\/creanimation.fr\\\/accueil-2\\\/accueil\\\/politique-de-confidentialite\\\/\",\"url\":\"https:\\\/\\\/creanimation.fr\\\/accueil-2\\\/accueil\\\/politique-de-confidentialite\\\/\",\"name\":\"politique de confidentialit\u00e9 - Creanimation\",\"isPartOf\":{\"@id\":\"https:\\\/\\\/creanimation.fr\\\/accueil-2\\\/accueil\\\/#website\"},\"datePublished\":\"2026-04-19T21:24:27+00:00\",\"dateModified\":\"2026-04-19T21:47:36+00:00\",\"breadcrumb\":{\"@id\":\"https:\\\/\\\/creanimation.fr\\\/accueil-2\\\/accueil\\\/politique-de-confidentialite\\\/#breadcrumb\"},\"inLanguage\":\"fr-FR\",\"potentialAction\":[{\"@type\":\"ReadAction\",\"target\":[\"https:\\\/\\\/creanimation.fr\\\/accueil-2\\\/accueil\\\/politique-de-confidentialite\\\/\"]}]},{\"@type\":\"BreadcrumbList\",\"@id\":\"https:\\\/\\\/creanimation.fr\\\/accueil-2\\\/accueil\\\/politique-de-confidentialite\\\/#breadcrumb\",\"itemListElement\":[{\"@type\":\"ListItem\",\"position\":1,\"name\":\"Accueil\",\"item\":\"https:\\\/\\\/creanimation.fr\\\/accueil-2\\\/accueil\\\/\"},{\"@type\":\"ListItem\",\"position\":2,\"name\":\"politique de confidentialit\u00e9\"}]},{\"@type\":\"WebSite\",\"@id\":\"https:\\\/\\\/creanimation.fr\\\/accueil-2\\\/accueil\\\/#website\",\"url\":\"https:\\\/\\\/creanimation.fr\\\/accueil-2\\\/accueil\\\/\",\"name\":\"Creanimation\",\"description\":\"Ateliers jeunesse, escape games et animations pour tout public.\",\"publisher\":{\"@id\":\"https:\\\/\\\/creanimation.fr\\\/accueil-2\\\/accueil\\\/#organization\"},\"potentialAction\":[{\"@type\":\"SearchAction\",\"target\":{\"@type\":\"EntryPoint\",\"urlTemplate\":\"https:\\\/\\\/creanimation.fr\\\/accueil-2\\\/accueil\\\/?s={search_term_string}\"},\"query-input\":{\"@type\":\"PropertyValueSpecification\",\"valueRequired\":true,\"valueName\":\"search_term_string\"}}],\"inLanguage\":\"fr-FR\"},{\"@type\":\"Organization\",\"@id\":\"https:\\\/\\\/creanimation.fr\\\/accueil-2\\\/accueil\\\/#organization\",\"name\":\"Creanimation\",\"url\":\"https:\\\/\\\/creanimation.fr\\\/accueil-2\\\/accueil\\\/\",\"logo\":{\"@type\":\"ImageObject\",\"inLanguage\":\"fr-FR\",\"@id\":\"https:\\\/\\\/creanimation.fr\\\/accueil-2\\\/accueil\\\/#\\\/schema\\\/logo\\\/image\\\/\",\"url\":\"\",\"contentUrl\":\"\",\"caption\":\"Creanimation\"},\"image\":{\"@id\":\"https:\\\/\\\/creanimation.fr\\\/accueil-2\\\/accueil\\\/#\\\/schema\\\/logo\\\/image\\\/\"}}]}<\/script>\n<!-- \/ Yoast SEO plugin. -->","yoast_head_json":{"title":"politique de confidentialit\u00e9 - Creanimation","robots":{"index":"index","follow":"follow","max-snippet":"max-snippet:-1","max-image-preview":"max-image-preview:large","max-video-preview":"max-video-preview:-1"},"canonical":"https:\/\/creanimation.fr\/accueil-2\/accueil\/politique-de-confidentialite\/","og_locale":"fr_FR","og_type":"article","og_title":"politique de confidentialit\u00e9 - Creanimation","og_description":"Politique de confidentialit\u00e9 Chez Creanimation, nous respectons votre vie priv\u00e9e. Cette page vous explique simplement comment nous traitons vos donn\u00e9es. 1. Donn\u00e9es collect\u00e9es Nous collectons uniquement les informations que vous nous transmettez volontairement : Newsletter : Votre adresse e-mail (pour vous envoyer nos actus et promos). Formulaire de contact : Nom, pr\u00e9nom et e-mail (pour vous r\u00e9pondre). \u00a0 2. Utilisation de vos donn\u00e9es Vos donn\u00e9es servent exclusivement \u00e0 : Vous envoyer les contenus que vous avez demand\u00e9s. Am\u00e9liorer votre exp\u00e9rience sur notre site. \u00a0 Promesse : Nous ne vendons, ne louons et n&rsquo;\u00e9changeons jamais vos donn\u00e9es \u00e0 des tiers. 3. Cookies Le site utilise des cookies essentiels pour son bon fonctionnement et des outils d&rsquo;analyse (comme Google Analytics) pour comprendre quelles pages vous plaisent le plus. Vous pouvez les d\u00e9sactiver dans les r\u00e9glages de votre navigateur. \u00a0 4. Vos droits Conform\u00e9ment au RGPD, vous disposez d&rsquo;un droit d&rsquo;acc\u00e8s, de modification et de suppression de vos donn\u00e9es. D\u00e9sinscription : Un lien de d\u00e9sabonnement est pr\u00e9sent en bas de chaque newsletter. Demande directe : Contactez-nous via le formulaire de contact pour toute question. \u00a0 5. Conservation Nous conservons vos donn\u00e9es tant que vous restez abonn\u00e9 ou le temps n\u00e9cessaire pour traiter votre demande de contact.","og_url":"https:\/\/creanimation.fr\/accueil-2\/accueil\/politique-de-confidentialite\/","og_site_name":"Creanimation","article_modified_time":"2026-04-19T21:47:36+00:00","twitter_card":"summary_large_image","twitter_misc":{"Dur\u00e9e de lecture estim\u00e9e":"1 minute"},"schema":{"@context":"https:\/\/schema.org","@graph":[{"@type":"WebPage","@id":"https:\/\/creanimation.fr\/accueil-2\/accueil\/politique-de-confidentialite\/","url":"https:\/\/creanimation.fr\/accueil-2\/accueil\/politique-de-confidentialite\/","name":"politique de confidentialit\u00e9 - Creanimation","isPartOf":{"@id":"https:\/\/creanimation.fr\/accueil-2\/accueil\/#website"},"datePublished":"2026-04-19T21:24:27+00:00","dateModified":"2026-04-19T21:47:36+00:00","breadcrumb":{"@id":"https:\/\/creanimation.fr\/accueil-2\/accueil\/politique-de-confidentialite\/#breadcrumb"},"inLanguage":"fr-FR","potentialAction":[{"@type":"ReadAction","target":["https:\/\/creanimation.fr\/accueil-2\/accueil\/politique-de-confidentialite\/"]}]},{"@type":"BreadcrumbList","@id":"https:\/\/creanimation.fr\/accueil-2\/accueil\/politique-de-confidentialite\/#breadcrumb","itemListElement":[{"@type":"ListItem","position":1,"name":"Accueil","item":"https:\/\/creanimation.fr\/accueil-2\/accueil\/"},{"@type":"ListItem","position":2,"name":"politique de confidentialit\u00e9"}]},{"@type":"WebSite","@id":"https:\/\/creanimation.fr\/accueil-2\/accueil\/#website","url":"https:\/\/creanimation.fr\/accueil-2\/accueil\/","name":"Creanimation","description":"Ateliers jeunesse, escape games et animations pour tout public.","publisher":{"@id":"https:\/\/creanimation.fr\/accueil-2\/accueil\/#organization"},"potentialAction":[{"@type":"SearchAction","target":{"@type":"EntryPoint","urlTemplate":"https:\/\/creanimation.fr\/accueil-2\/accueil\/?s={search_term_string}"},"query-input":{"@type":"PropertyValueSpecification","valueRequired":true,"valueName":"search_term_string"}}],"inLanguage":"fr-FR"},{"@type":"Organization","@id":"https:\/\/creanimation.fr\/accueil-2\/accueil\/#organization","name":"Creanimation","url":"https:\/\/creanimation.fr\/accueil-2\/accueil\/","logo":{"@type":"ImageObject","inLanguage":"fr-FR","@id":"https:\/\/creanimation.fr\/accueil-2\/accueil\/#\/schema\/logo\/image\/","url":"","contentUrl":"","caption":"Creanimation"},"image":{"@id":"https:\/\/creanimation.fr\/accueil-2\/accueil\/#\/schema\/logo\/image\/"}}]}},"_links":{"self":[{"href":"https:\/\/creanimation.fr\/accueil-2\/accueil\/wp-json\/wp\/v2\/pages\/3301","targetHints":{"allow":["GET"]}}],"collection":[{"href":"https:\/\/creanimation.fr\/accueil-2\/accueil\/wp-json\/wp\/v2\/pages"}],"about":[{"href":"https:\/\/creanimation.fr\/accueil-2\/accueil\/wp-json\/wp\/v2\/types\/page"}],"author":[{"embeddable":true,"href":"https:\/\/creanimation.fr\/accueil-2\/accueil\/wp-json\/wp\/v2\/users\/1"}],"replies":[{"embeddable":true,"href":"https:\/\/creanimation.fr\/accueil-2\/accueil\/wp-json\/wp\/v2\/comments?post=3301"}],"version-history":[{"count":27,"href":"https:\/\/creanimation.fr\/accueil-2\/accueil\/wp-json\/wp\/v2\/pages\/3301\/revisions"}],"predecessor-version":[{"id":3330,"href":"https:\/\/creanimation.fr\/accueil-2\/accueil\/wp-json\/wp\/v2\/pages\/3301\/revisions\/3330"}],"wp:attachment":[{"href":"https:\/\/creanimation.fr\/accueil-2\/accueil\/wp-json\/wp\/v2\/media?parent=3301"}],"curies":[{"name":"wp","href":"https:\/\/api.w.org\/{rel}","templated":true}]}}