{"id":276,"date":"2025-09-07T12:21:30","date_gmt":"2025-09-07T12:21:30","guid":{"rendered":"https:\/\/creanimation.fr\/?page_id=276"},"modified":"2026-04-04T22:48:17","modified_gmt":"2026-04-04T22:48:17","slug":"tutos-cadeaux","status":"publish","type":"page","link":"https:\/\/creanimation.fr\/accueil-2\/accueil\/tutos-cadeaux\/","title":{"rendered":"La fabrique \u00e0 jeux"},"content":{"rendered":"\t\t<div data-elementor-type=\"wp-page\" data-elementor-id=\"276\" class=\"elementor elementor-276\">\n\t\t\t\t<div class=\"elementor-element elementor-element-0394d6b e-flex e-con-boxed wpr-particle-no wpr-jarallax-no wpr-parallax-no wpr-sticky-section-no e-con e-parent\" data-id=\"0394d6b\" data-element_type=\"container\" data-e-type=\"container\">\n\t\t\t\t\t<div class=\"e-con-inner\">\n\t\t\t\t<div class=\"elementor-element elementor-element-176867f elementor-widget elementor-widget-spacer\" data-id=\"176867f\" data-element_type=\"widget\" data-e-type=\"widget\" data-widget_type=\"spacer.default\">\n\t\t\t\t\t\t\t<div class=\"elementor-spacer\">\n\t\t\t<div class=\"elementor-spacer-inner\"><\/div>\n\t\t<\/div>\n\t\t\t\t\t\t<\/div>\n\t\t\t\t\t<\/div>\n\t\t\t\t<\/div>\n\t\t<div class=\"elementor-element elementor-element-0c6c86b e-flex e-con-boxed wpr-particle-no wpr-jarallax-no wpr-parallax-no wpr-sticky-section-no e-con e-parent\" data-id=\"0c6c86b\" data-element_type=\"container\" data-e-type=\"container\" data-settings=\"{&quot;background_background&quot;:&quot;classic&quot;}\">\n\t\t\t\t\t<div class=\"e-con-inner\">\n\t\t\t\t<div class=\"elementor-element elementor-element-74f99c8d elementor-widget elementor-widget-heading\" data-id=\"74f99c8d\" data-element_type=\"widget\" data-e-type=\"widget\" data-widget_type=\"heading.default\">\n\t\t\t\t\t<h2 class=\"elementor-heading-title elementor-size-default\">LA FABRIQUE <br>\u00c0 JEUX <\/h2>\t\t\t\t<\/div>\n\t\t\t\t\t<\/div>\n\t\t\t\t<\/div>\n\t\t<div class=\"elementor-element elementor-element-ab910a4 e-flex e-con-boxed wpr-particle-no wpr-jarallax-no wpr-parallax-no wpr-sticky-section-no e-con e-parent\" data-id=\"ab910a4\" data-element_type=\"container\" data-e-type=\"container\" data-settings=\"{&quot;background_background&quot;:&quot;classic&quot;}\">\n\t\t\t\t\t<div class=\"e-con-inner\">\n\t\t\t\t<div class=\"elementor-element elementor-element-a1ebddb elementor-widget elementor-widget-spacer\" data-id=\"a1ebddb\" data-element_type=\"widget\" data-e-type=\"widget\" data-widget_type=\"spacer.default\">\n\t\t\t\t\t\t\t<div class=\"elementor-spacer\">\n\t\t\t<div class=\"elementor-spacer-inner\"><\/div>\n\t\t<\/div>\n\t\t\t\t\t\t<\/div>\n\t\t\t\t<div class=\"elementor-element elementor-element-806dd6d elementor-widget elementor-widget-text-editor\" data-id=\"806dd6d\" data-element_type=\"widget\" data-e-type=\"widget\" data-widget_type=\"text-editor.default\">\n\t\t\t\t\t\t\t\t\t<p style=\"text-align: center;\">Ici, vous pouvez t\u00e9l\u00e9charger vos <b>KITS DE JEUX PR\u00caTS \u00c0 JOUER GRATUITS<\/b> !\u00a0<\/p><p style=\"text-align: center;\"><span style=\"letter-spacing: var( --e-global-typography-text-letter-spacing ); word-spacing: var( --e-global-typography-text-word-spacing );\">Une fois par trimestre, vous aurez acc\u00e8s \u00e0 un <\/span><b style=\"letter-spacing: var( --e-global-typography-text-letter-spacing ); word-spacing: var( --e-global-typography-text-word-spacing );\">nouveau jeu \u00e0 imprimer<\/b><span style=\"letter-spacing: var( --e-global-typography-text-letter-spacing ); word-spacing: var( --e-global-typography-text-word-spacing );\"> ou\/et \u00e0 un <\/span><b style=\"letter-spacing: var( --e-global-typography-text-letter-spacing ); word-spacing: var( --e-global-typography-text-word-spacing );\">tutoriel vid\u00e9o<\/b><span style=\"letter-spacing: var( --e-global-typography-text-letter-spacing ); word-spacing: var( --e-global-typography-text-word-spacing );\">.\u00a0<\/span><\/p><p style=\"text-align: center;\"><span style=\"letter-spacing: var( --e-global-typography-text-letter-spacing ); word-spacing: var( --e-global-typography-text-word-spacing );\">L&rsquo;objectif ? Vous permettre de cr\u00e9er, monter et animer les jeux propos\u00e9s <\/span><b style=\"letter-spacing: var( --e-global-typography-text-letter-spacing ); word-spacing: var( --e-global-typography-text-word-spacing );\">comme un pro<\/b><span style=\"letter-spacing: var( --e-global-typography-text-letter-spacing ); word-spacing: var( --e-global-typography-text-word-spacing );\"> !\u00a0<\/span><span style=\"letter-spacing: var( --e-global-typography-text-letter-spacing ); word-spacing: var( --e-global-typography-text-word-spacing );\">Ces kits sont con\u00e7us pour \u00eatre <\/span><b style=\"letter-spacing: var( --e-global-typography-text-letter-spacing ); word-spacing: var( --e-global-typography-text-word-spacing );\">accessibles \u00e0 tous <\/b><span style=\"letter-spacing: var( --e-global-typography-text-letter-spacing ); word-spacing: var( --e-global-typography-text-word-spacing );\">gratuits au t\u00e9l\u00e9chargement et peu co\u00fbteux \u00e0 mettre en place. Ils s&rsquo;adressent \u00e0 <\/span><b style=\"letter-spacing: var( --e-global-typography-text-letter-spacing ); word-spacing: var( --e-global-typography-text-word-spacing );\">toute personne cherchant une animation<\/b><span style=\"letter-spacing: var( --e-global-typography-text-letter-spacing ); word-spacing: var( --e-global-typography-text-word-spacing );\"> pour une soir\u00e9e, un anniversaire, ou un projet p\u00e9dagogique. Ils sont parfaits pour <\/span><b style=\"letter-spacing: var( --e-global-typography-text-letter-spacing ); word-spacing: var( --e-global-typography-text-word-spacing );\">animer une soir\u00e9e ou un anniversaire<\/b><span style=\"letter-spacing: var( --e-global-typography-text-letter-spacing ); word-spacing: var( --e-global-typography-text-word-spacing );\">, ou pour un <\/span><b style=\"letter-spacing: var( --e-global-typography-text-letter-spacing ); word-spacing: var( --e-global-typography-text-word-spacing );\">cadre p\u00e9dagogique.<\/b><\/p>\t\t\t\t\t\t\t\t<\/div>\n\t\t\t\t\t<\/div>\n\t\t\t\t<\/div>\n\t\t<div class=\"elementor-element elementor-element-312b93e7 e-flex e-con-boxed wpr-particle-no wpr-jarallax-no wpr-parallax-no wpr-sticky-section-no e-con e-parent\" data-id=\"312b93e7\" data-element_type=\"container\" data-e-type=\"container\" data-settings=\"{&quot;background_background&quot;:&quot;classic&quot;}\">\n\t\t\t\t\t<div class=\"e-con-inner\">\n\t\t<div class=\"elementor-element elementor-element-417295c4 e-flex e-con-boxed wpr-particle-no wpr-jarallax-no wpr-parallax-no wpr-sticky-section-no elementor-invisible e-con e-child\" data-id=\"417295c4\" data-element_type=\"container\" data-e-type=\"container\" data-settings=\"{&quot;animation&quot;:&quot;slideInLeft&quot;}\">\n\t\t\t\t\t<div class=\"e-con-inner\">\n\t\t\t\t<div class=\"elementor-element elementor-element-46ffe3a1 elementor-widget elementor-widget-image\" data-id=\"46ffe3a1\" data-element_type=\"widget\" data-e-type=\"widget\" data-widget_type=\"image.default\">\n\t\t\t\t\t\t\t\t\t\t\t\t\t\t\t<img fetchpriority=\"high\" decoding=\"async\" width=\"800\" height=\"533\" src=\"https:\/\/creanimation.fr\/wp-content\/uploads\/2026\/04\/Fabrique-a-jeux-enfant-senior-ecole-jeune-anniversare-creanimation-1-1-1024x682.png\" class=\"attachment-large size-large wp-image-2396\" alt=\"\" srcset=\"https:\/\/creanimation.fr\/wp-content\/uploads\/2026\/04\/Fabrique-a-jeux-enfant-senior-ecole-jeune-anniversare-creanimation-1-1-1024x682.png 1024w, https:\/\/creanimation.fr\/wp-content\/uploads\/2026\/04\/Fabrique-a-jeux-enfant-senior-ecole-jeune-anniversare-creanimation-1-1-300x200.png 300w, https:\/\/creanimation.fr\/wp-content\/uploads\/2026\/04\/Fabrique-a-jeux-enfant-senior-ecole-jeune-anniversare-creanimation-1-1-768x512.png 768w, https:\/\/creanimation.fr\/wp-content\/uploads\/2026\/04\/Fabrique-a-jeux-enfant-senior-ecole-jeune-anniversare-creanimation-1-1-1536x1023.png 1536w, https:\/\/creanimation.fr\/wp-content\/uploads\/2026\/04\/Fabrique-a-jeux-enfant-senior-ecole-jeune-anniversare-creanimation-1-1-2048x1364.png 2048w, https:\/\/creanimation.fr\/wp-content\/uploads\/2026\/04\/Fabrique-a-jeux-enfant-senior-ecole-jeune-anniversare-creanimation-1-1-1320x879.png 1320w\" sizes=\"(max-width: 800px) 100vw, 800px\" \/>\t\t\t\t\t\t\t\t\t\t\t\t\t\t\t<\/div>\n\t\t\t\t\t<\/div>\n\t\t\t\t<\/div>\n\t\t<div class=\"elementor-element elementor-element-72761d46 e-con-full e-flex wpr-particle-no wpr-jarallax-no wpr-parallax-no wpr-sticky-section-no elementor-invisible e-con e-child\" data-id=\"72761d46\" data-element_type=\"container\" data-e-type=\"container\" data-settings=\"{&quot;animation&quot;:&quot;slideInRight&quot;}\">\n\t\t\t\t<div class=\"elementor-element elementor-element-4690a94f elementor-widget elementor-widget-heading\" data-id=\"4690a94f\" data-element_type=\"widget\" data-e-type=\"widget\" data-widget_type=\"heading.default\">\n\t\t\t\t\t<h2 class=\"elementor-heading-title elementor-size-default\">CR\u00c9ATION EN COURS ...<\/h2>\t\t\t\t<\/div>\n\t\t\t\t<div class=\"elementor-element elementor-element-27efb6ff elementor-widget elementor-widget-text-editor\" data-id=\"27efb6ff\" data-element_type=\"widget\" data-e-type=\"widget\" data-widget_type=\"text-editor.default\">\n\t\t\t\t\t\t\t\t\t<p>Le premier jeu est en cours de pr\u00e9paration !<\/p><p>Inscrivez vous \u00e0 <strong>la Newsletter<\/strong> pour vous tenir au courant de sa sortie !\u00a0<\/p>\t\t\t\t\t\t\t\t<\/div>\n\t\t\t\t<\/div>\n\t\t\t\t\t<\/div>\n\t\t\t\t<\/div>\n\t\t\t\t<\/div>\n\t\t","protected":false},"excerpt":{"rendered":"<p>LA FABRIQUE \u00c0 JEUX Ici, vous pouvez t\u00e9l\u00e9charger vos KITS DE JEUX PR\u00caTS \u00c0 JOUER GRATUITS !\u00a0 Une fois par trimestre, vous aurez acc\u00e8s \u00e0 un nouveau jeu \u00e0 imprimer ou\/et \u00e0 un tutoriel vid\u00e9o.\u00a0 L&rsquo;objectif ? Vous permettre de cr\u00e9er, monter et animer les jeux propos\u00e9s comme un pro !\u00a0Ces kits sont con\u00e7us pour \u00eatre accessibles \u00e0 tous gratuits au t\u00e9l\u00e9chargement et peu co\u00fbteux \u00e0 mettre en place. Ils s&rsquo;adressent \u00e0 toute personne cherchant une animation pour une soir\u00e9e, un anniversaire, ou un projet p\u00e9dagogique. Ils sont parfaits pour animer une soir\u00e9e ou un anniversaire, ou pour un cadre p\u00e9dagogique. CR\u00c9ATION EN COURS &#8230; Le premier jeu est en cours de pr\u00e9paration ! Inscrivez vous \u00e0 la Newsletter pour vous tenir au courant de sa sortie !\u00a0<\/p>\n","protected":false},"author":1,"featured_media":0,"parent":0,"menu_order":0,"comment_status":"closed","ping_status":"closed","template":"","meta":{"_themeisle_gutenberg_block_has_review":false,"footnotes":""},"class_list":["post-276","page","type-page","status-publish","hentry"],"yoast_head":"<!-- This site is optimized with the Yoast SEO plugin v27.3 - https:\/\/yoast.com\/product\/yoast-seo-wordpress\/ -->\n<title>La fabrique \u00e0 jeux - Creanimation<\/title>\n<meta name=\"robots\" content=\"index, follow, max-snippet:-1, max-image-preview:large, max-video-preview:-1\" \/>\n<link rel=\"canonical\" href=\"https:\/\/creanimation.fr\/accueil-2\/accueil\/tutos-cadeaux\/\" \/>\n<meta property=\"og:locale\" content=\"fr_FR\" \/>\n<meta property=\"og:type\" content=\"article\" \/>\n<meta property=\"og:title\" content=\"La fabrique \u00e0 jeux - Creanimation\" \/>\n<meta property=\"og:description\" content=\"LA FABRIQUE \u00c0 JEUX Ici, vous pouvez t\u00e9l\u00e9charger vos KITS DE JEUX PR\u00caTS \u00c0 JOUER GRATUITS !\u00a0 Une fois par trimestre, vous aurez acc\u00e8s \u00e0 un nouveau jeu \u00e0 imprimer ou\/et \u00e0 un tutoriel vid\u00e9o.\u00a0 L&rsquo;objectif ? Vous permettre de cr\u00e9er, monter et animer les jeux propos\u00e9s comme un pro !\u00a0Ces kits sont con\u00e7us pour \u00eatre accessibles \u00e0 tous gratuits au t\u00e9l\u00e9chargement et peu co\u00fbteux \u00e0 mettre en place. Ils s&rsquo;adressent \u00e0 toute personne cherchant une animation pour une soir\u00e9e, un anniversaire, ou un projet p\u00e9dagogique. Ils sont parfaits pour animer une soir\u00e9e ou un anniversaire, ou pour un cadre p\u00e9dagogique. CR\u00c9ATION EN COURS &#8230; Le premier jeu est en cours de pr\u00e9paration ! Inscrivez vous \u00e0 la Newsletter pour vous tenir au courant de sa sortie !\u00a0\" \/>\n<meta property=\"og:url\" content=\"https:\/\/creanimation.fr\/accueil-2\/accueil\/tutos-cadeaux\/\" \/>\n<meta property=\"og:site_name\" content=\"Creanimation\" \/>\n<meta property=\"article:modified_time\" content=\"2026-04-04T22:48:17+00:00\" \/>\n<meta property=\"og:image\" content=\"https:\/\/creanimation.fr\/wp-content\/uploads\/2026\/04\/Fabrique-a-jeux-enfant-senior-ecole-jeune-anniversare-creanimation-1-1-1024x682.png\" \/>\n\t<meta property=\"og:image:width\" content=\"1024\" \/>\n\t<meta property=\"og:image:height\" content=\"682\" \/>\n\t<meta property=\"og:image:type\" content=\"image\/png\" \/>\n<meta name=\"twitter:card\" content=\"summary_large_image\" \/>\n<meta name=\"twitter:label1\" content=\"Dur\u00e9e de lecture estim\u00e9e\" \/>\n\t<meta name=\"twitter:data1\" content=\"1 minute\" \/>\n<script type=\"application\/ld+json\" class=\"yoast-schema-graph\">{\"@context\":\"https:\\\/\\\/schema.org\",\"@graph\":[{\"@type\":\"WebPage\",\"@id\":\"https:\\\/\\\/creanimation.fr\\\/accueil-2\\\/accueil\\\/tutos-cadeaux\\\/\",\"url\":\"https:\\\/\\\/creanimation.fr\\\/accueil-2\\\/accueil\\\/tutos-cadeaux\\\/\",\"name\":\"La fabrique \u00e0 jeux - Creanimation\",\"isPartOf\":{\"@id\":\"https:\\\/\\\/creanimation.fr\\\/accueil-2\\\/accueil\\\/#website\"},\"primaryImageOfPage\":{\"@id\":\"https:\\\/\\\/creanimation.fr\\\/accueil-2\\\/accueil\\\/tutos-cadeaux\\\/#primaryimage\"},\"image\":{\"@id\":\"https:\\\/\\\/creanimation.fr\\\/accueil-2\\\/accueil\\\/tutos-cadeaux\\\/#primaryimage\"},\"thumbnailUrl\":\"https:\\\/\\\/creanimation.fr\\\/wp-content\\\/uploads\\\/2026\\\/04\\\/Fabrique-a-jeux-enfant-senior-ecole-jeune-anniversare-creanimation-1-1-1024x682.png\",\"datePublished\":\"2025-09-07T12:21:30+00:00\",\"dateModified\":\"2026-04-04T22:48:17+00:00\",\"breadcrumb\":{\"@id\":\"https:\\\/\\\/creanimation.fr\\\/accueil-2\\\/accueil\\\/tutos-cadeaux\\\/#breadcrumb\"},\"inLanguage\":\"fr-FR\",\"potentialAction\":[{\"@type\":\"ReadAction\",\"target\":[\"https:\\\/\\\/creanimation.fr\\\/accueil-2\\\/accueil\\\/tutos-cadeaux\\\/\"]}]},{\"@type\":\"ImageObject\",\"inLanguage\":\"fr-FR\",\"@id\":\"https:\\\/\\\/creanimation.fr\\\/accueil-2\\\/accueil\\\/tutos-cadeaux\\\/#primaryimage\",\"url\":\"https:\\\/\\\/creanimation.fr\\\/wp-content\\\/uploads\\\/2026\\\/04\\\/Fabrique-a-jeux-enfant-senior-ecole-jeune-anniversare-creanimation-1-1-1024x682.png\",\"contentUrl\":\"https:\\\/\\\/creanimation.fr\\\/wp-content\\\/uploads\\\/2026\\\/04\\\/Fabrique-a-jeux-enfant-senior-ecole-jeune-anniversare-creanimation-1-1-1024x682.png\"},{\"@type\":\"BreadcrumbList\",\"@id\":\"https:\\\/\\\/creanimation.fr\\\/accueil-2\\\/accueil\\\/tutos-cadeaux\\\/#breadcrumb\",\"itemListElement\":[{\"@type\":\"ListItem\",\"position\":1,\"name\":\"Accueil\",\"item\":\"https:\\\/\\\/creanimation.fr\\\/accueil-2\\\/accueil\\\/\"},{\"@type\":\"ListItem\",\"position\":2,\"name\":\"La fabrique \u00e0 jeux\"}]},{\"@type\":\"WebSite\",\"@id\":\"https:\\\/\\\/creanimation.fr\\\/accueil-2\\\/accueil\\\/#website\",\"url\":\"https:\\\/\\\/creanimation.fr\\\/accueil-2\\\/accueil\\\/\",\"name\":\"Creanimation\",\"description\":\"Ateliers jeunesse, escape games et animations pour tout public.\",\"publisher\":{\"@id\":\"https:\\\/\\\/creanimation.fr\\\/accueil-2\\\/accueil\\\/#organization\"},\"potentialAction\":[{\"@type\":\"SearchAction\",\"target\":{\"@type\":\"EntryPoint\",\"urlTemplate\":\"https:\\\/\\\/creanimation.fr\\\/accueil-2\\\/accueil\\\/?s={search_term_string}\"},\"query-input\":{\"@type\":\"PropertyValueSpecification\",\"valueRequired\":true,\"valueName\":\"search_term_string\"}}],\"inLanguage\":\"fr-FR\"},{\"@type\":\"Organization\",\"@id\":\"https:\\\/\\\/creanimation.fr\\\/accueil-2\\\/accueil\\\/#organization\",\"name\":\"Creanimation\",\"url\":\"https:\\\/\\\/creanimation.fr\\\/accueil-2\\\/accueil\\\/\",\"logo\":{\"@type\":\"ImageObject\",\"inLanguage\":\"fr-FR\",\"@id\":\"https:\\\/\\\/creanimation.fr\\\/accueil-2\\\/accueil\\\/#\\\/schema\\\/logo\\\/image\\\/\",\"url\":\"\",\"contentUrl\":\"\",\"caption\":\"Creanimation\"},\"image\":{\"@id\":\"https:\\\/\\\/creanimation.fr\\\/accueil-2\\\/accueil\\\/#\\\/schema\\\/logo\\\/image\\\/\"}}]}<\/script>\n<!-- \/ Yoast SEO plugin. -->","yoast_head_json":{"title":"La fabrique \u00e0 jeux - Creanimation","robots":{"index":"index","follow":"follow","max-snippet":"max-snippet:-1","max-image-preview":"max-image-preview:large","max-video-preview":"max-video-preview:-1"},"canonical":"https:\/\/creanimation.fr\/accueil-2\/accueil\/tutos-cadeaux\/","og_locale":"fr_FR","og_type":"article","og_title":"La fabrique \u00e0 jeux - Creanimation","og_description":"LA FABRIQUE \u00c0 JEUX Ici, vous pouvez t\u00e9l\u00e9charger vos KITS DE JEUX PR\u00caTS \u00c0 JOUER GRATUITS !\u00a0 Une fois par trimestre, vous aurez acc\u00e8s \u00e0 un nouveau jeu \u00e0 imprimer ou\/et \u00e0 un tutoriel vid\u00e9o.\u00a0 L&rsquo;objectif ? Vous permettre de cr\u00e9er, monter et animer les jeux propos\u00e9s comme un pro !\u00a0Ces kits sont con\u00e7us pour \u00eatre accessibles \u00e0 tous gratuits au t\u00e9l\u00e9chargement et peu co\u00fbteux \u00e0 mettre en place. Ils s&rsquo;adressent \u00e0 toute personne cherchant une animation pour une soir\u00e9e, un anniversaire, ou un projet p\u00e9dagogique. Ils sont parfaits pour animer une soir\u00e9e ou un anniversaire, ou pour un cadre p\u00e9dagogique. CR\u00c9ATION EN COURS &#8230; Le premier jeu est en cours de pr\u00e9paration ! Inscrivez vous \u00e0 la Newsletter pour vous tenir au courant de sa sortie !\u00a0","og_url":"https:\/\/creanimation.fr\/accueil-2\/accueil\/tutos-cadeaux\/","og_site_name":"Creanimation","article_modified_time":"2026-04-04T22:48:17+00:00","og_image":[{"width":1024,"height":682,"url":"https:\/\/creanimation.fr\/wp-content\/uploads\/2026\/04\/Fabrique-a-jeux-enfant-senior-ecole-jeune-anniversare-creanimation-1-1-1024x682.png","type":"image\/png"}],"twitter_card":"summary_large_image","twitter_misc":{"Dur\u00e9e de lecture estim\u00e9e":"1 minute"},"schema":{"@context":"https:\/\/schema.org","@graph":[{"@type":"WebPage","@id":"https:\/\/creanimation.fr\/accueil-2\/accueil\/tutos-cadeaux\/","url":"https:\/\/creanimation.fr\/accueil-2\/accueil\/tutos-cadeaux\/","name":"La fabrique \u00e0 jeux - Creanimation","isPartOf":{"@id":"https:\/\/creanimation.fr\/accueil-2\/accueil\/#website"},"primaryImageOfPage":{"@id":"https:\/\/creanimation.fr\/accueil-2\/accueil\/tutos-cadeaux\/#primaryimage"},"image":{"@id":"https:\/\/creanimation.fr\/accueil-2\/accueil\/tutos-cadeaux\/#primaryimage"},"thumbnailUrl":"https:\/\/creanimation.fr\/wp-content\/uploads\/2026\/04\/Fabrique-a-jeux-enfant-senior-ecole-jeune-anniversare-creanimation-1-1-1024x682.png","datePublished":"2025-09-07T12:21:30+00:00","dateModified":"2026-04-04T22:48:17+00:00","breadcrumb":{"@id":"https:\/\/creanimation.fr\/accueil-2\/accueil\/tutos-cadeaux\/#breadcrumb"},"inLanguage":"fr-FR","potentialAction":[{"@type":"ReadAction","target":["https:\/\/creanimation.fr\/accueil-2\/accueil\/tutos-cadeaux\/"]}]},{"@type":"ImageObject","inLanguage":"fr-FR","@id":"https:\/\/creanimation.fr\/accueil-2\/accueil\/tutos-cadeaux\/#primaryimage","url":"https:\/\/creanimation.fr\/wp-content\/uploads\/2026\/04\/Fabrique-a-jeux-enfant-senior-ecole-jeune-anniversare-creanimation-1-1-1024x682.png","contentUrl":"https:\/\/creanimation.fr\/wp-content\/uploads\/2026\/04\/Fabrique-a-jeux-enfant-senior-ecole-jeune-anniversare-creanimation-1-1-1024x682.png"},{"@type":"BreadcrumbList","@id":"https:\/\/creanimation.fr\/accueil-2\/accueil\/tutos-cadeaux\/#breadcrumb","itemListElement":[{"@type":"ListItem","position":1,"name":"Accueil","item":"https:\/\/creanimation.fr\/accueil-2\/accueil\/"},{"@type":"ListItem","position":2,"name":"La fabrique \u00e0 jeux"}]},{"@type":"WebSite","@id":"https:\/\/creanimation.fr\/accueil-2\/accueil\/#website","url":"https:\/\/creanimation.fr\/accueil-2\/accueil\/","name":"Creanimation","description":"Ateliers jeunesse, escape games et animations pour tout public.","publisher":{"@id":"https:\/\/creanimation.fr\/accueil-2\/accueil\/#organization"},"potentialAction":[{"@type":"SearchAction","target":{"@type":"EntryPoint","urlTemplate":"https:\/\/creanimation.fr\/accueil-2\/accueil\/?s={search_term_string}"},"query-input":{"@type":"PropertyValueSpecification","valueRequired":true,"valueName":"search_term_string"}}],"inLanguage":"fr-FR"},{"@type":"Organization","@id":"https:\/\/creanimation.fr\/accueil-2\/accueil\/#organization","name":"Creanimation","url":"https:\/\/creanimation.fr\/accueil-2\/accueil\/","logo":{"@type":"ImageObject","inLanguage":"fr-FR","@id":"https:\/\/creanimation.fr\/accueil-2\/accueil\/#\/schema\/logo\/image\/","url":"","contentUrl":"","caption":"Creanimation"},"image":{"@id":"https:\/\/creanimation.fr\/accueil-2\/accueil\/#\/schema\/logo\/image\/"}}]}},"_links":{"self":[{"href":"https:\/\/creanimation.fr\/accueil-2\/accueil\/wp-json\/wp\/v2\/pages\/276","targetHints":{"allow":["GET"]}}],"collection":[{"href":"https:\/\/creanimation.fr\/accueil-2\/accueil\/wp-json\/wp\/v2\/pages"}],"about":[{"href":"https:\/\/creanimation.fr\/accueil-2\/accueil\/wp-json\/wp\/v2\/types\/page"}],"author":[{"embeddable":true,"href":"https:\/\/creanimation.fr\/accueil-2\/accueil\/wp-json\/wp\/v2\/users\/1"}],"replies":[{"embeddable":true,"href":"https:\/\/creanimation.fr\/accueil-2\/accueil\/wp-json\/wp\/v2\/comments?post=276"}],"version-history":[{"count":85,"href":"https:\/\/creanimation.fr\/accueil-2\/accueil\/wp-json\/wp\/v2\/pages\/276\/revisions"}],"predecessor-version":[{"id":2626,"href":"https:\/\/creanimation.fr\/accueil-2\/accueil\/wp-json\/wp\/v2\/pages\/276\/revisions\/2626"}],"wp:attachment":[{"href":"https:\/\/creanimation.fr\/accueil-2\/accueil\/wp-json\/wp\/v2\/media?parent=276"}],"curies":[{"name":"wp","href":"https:\/\/api.w.org\/{rel}","templated":true}]}}